{"id":1380,"date":"2023-11-06T15:52:43","date_gmt":"2023-11-06T15:52:43","guid":{"rendered":"https:\/\/cellercecilio.com\/vineyards\/"},"modified":"2024-07-16T12:24:45","modified_gmt":"2024-07-16T12:24:45","slug":"vineyards","status":"publish","type":"page","link":"https:\/\/cellercecilio.com\/en\/vineyards\/","title":{"rendered":"The estates"},"content":{"rendered":"\t\t<div data-elementor-type=\"wp-page\" data-elementor-id=\"1380\" class=\"elementor elementor-1380 elementor-874\" data-elementor-post-type=\"page\">\n\t\t\t\t<div class=\"elementor-element elementor-element-ff6b201 e-flex e-con-boxed e-con e-parent\" data-id=\"ff6b201\" data-element_type=\"container\" data-e-type=\"container\" data-settings=\"{&quot;background_background&quot;:&quot;classic&quot;}\">\n\t\t\t\t\t<div class=\"e-con-inner\">\n\t\t\t\t<div class=\"elementor-element elementor-element-0fb6c82 animated-slow elementor-invisible elementor-widget elementor-widget-heading\" data-id=\"0fb6c82\" data-element_type=\"widget\" data-e-type=\"widget\" data-settings=\"{&quot;_animation&quot;:&quot;fadeInUp&quot;}\" data-widget_type=\"heading.default\">\n\t\t\t\t<div class=\"elementor-widget-container\">\n\t\t\t\t\t<h2 class=\"elementor-heading-title elementor-size-default\">\u201cLlicorella\u201d Slate, the essence of the wines from DOQ Priorat<\/h2>\t\t\t\t<\/div>\n\t\t\t\t<\/div>\n\t\t\t\t\t<\/div>\n\t\t\t\t<\/div>\n\t\t<div class=\"elementor-element elementor-element-a89f17b e-flex e-con-boxed e-con e-parent\" data-id=\"a89f17b\" data-element_type=\"container\" data-e-type=\"container\" data-settings=\"{&quot;background_background&quot;:&quot;classic&quot;}\">\n\t\t\t\t\t<div class=\"e-con-inner\">\n\t\t<div class=\"elementor-element elementor-element-bedb9ad elementor-hidden-tablet elementor-hidden-mobile e-flex e-con-boxed e-con e-child\" data-id=\"bedb9ad\" data-element_type=\"container\" data-e-type=\"container\">\n\t\t\t\t\t<div class=\"e-con-inner\">\n\t\t<div class=\"elementor-element elementor-element-b8774ce e-flex e-con-boxed elementor-invisible e-con e-child\" data-id=\"b8774ce\" data-element_type=\"container\" data-e-type=\"container\" data-settings=\"{&quot;animation&quot;:&quot;fadeInUp&quot;}\">\n\t\t\t\t\t<div class=\"e-con-inner\">\n\t\t\t\t<div class=\"elementor-element elementor-element-410157d elementor-widget elementor-widget-text-editor\" data-id=\"410157d\" data-element_type=\"widget\" data-e-type=\"widget\" data-widget_type=\"text-editor.default\">\n\t\t\t\t<div class=\"elementor-widget-container\">\n\t\t\t\t\t\t\t\t\t<p>La DOQ Priorat projecta un paisatge \u00fanic a qualsevol espectador que s\u2019aturi gaudir-ne i gran part d\u2019aquest atractiu \u00e9s gr\u00e0cies als colors de la terra. La llicorella, el factor clau de la bellesa de la zona, vesteix el s\u00f2l, des de les muntanyes als costers, amb una capa fosca i brillant al sol que unifica tot el territori.<\/p>\n\t\t\t\t\t\t\t\t<\/div>\n\t\t\t\t<\/div>\n\t\t\t\t\t<\/div>\n\t\t\t\t<\/div>\n\t\t<div class=\"elementor-element elementor-element-0fc6d7e animated-slow e-flex e-con-boxed elementor-invisible e-con e-child\" data-id=\"0fc6d7e\" data-element_type=\"container\" data-e-type=\"container\" data-settings=\"{&quot;animation&quot;:&quot;fadeInUp&quot;}\">\n\t\t\t\t\t<div class=\"e-con-inner\">\n\t\t\t\t<div class=\"elementor-element elementor-element-40826c1 elementor-widget elementor-widget-text-editor\" data-id=\"40826c1\" data-element_type=\"widget\" data-e-type=\"widget\" data-widget_type=\"text-editor.default\">\n\t\t\t\t<div class=\"elementor-widget-container\">\n\t\t\t\t\t\t\t\t\t<p>Per\u00f2 no nom\u00e9s l\u2019unifica a nivell visual, sin\u00f3 que tamb\u00e9 \u00e9s un tret \u00fanic i diferenciador dels seus vins, ja que fa que siguin exclusius arreu del m\u00f3n pels seus tocs minerals inigualables, que s\u00f3n la m\u00e0xima expressi\u00f3 del terrer.<\/p>\n<p>La llicorella no ret\u00e9 l\u2019aigua i aix\u00f2 provoca que la producci\u00f3 de ra\u00efm sigui molt limitada per\u00f2 a la vegada li aporta una mineralitat que fa que els vins emparats sota la DOQ Priorat siguin \u00fanics.<\/p>\t\t\t\t\t\t\t\t<\/div>\n\t\t\t\t<\/div>\n\t\t\t\t\t<\/div>\n\t\t\t\t<\/div>\n\t\t\t\t\t<\/div>\n\t\t\t\t<\/div>\n\t\t<div class=\"elementor-element elementor-element-3b7654f elementor-hidden-desktop elementor-hidden-laptop e-flex e-con-boxed e-con e-child\" data-id=\"3b7654f\" data-element_type=\"container\" data-e-type=\"container\">\n\t\t\t\t\t<div class=\"e-con-inner\">\n\t\t<div class=\"elementor-element elementor-element-04f6b33 e-flex e-con-boxed elementor-invisible e-con e-child\" data-id=\"04f6b33\" data-element_type=\"container\" data-e-type=\"container\" data-settings=\"{&quot;animation&quot;:&quot;fadeInUp&quot;}\">\n\t\t\t\t\t<div class=\"e-con-inner\">\n\t\t\t\t<div class=\"elementor-element elementor-element-0620ce7 elementor-widget elementor-widget-text-editor\" data-id=\"0620ce7\" data-element_type=\"widget\" data-e-type=\"widget\" data-widget_type=\"text-editor.default\">\n\t\t\t\t<div class=\"elementor-widget-container\">\n\t\t\t\t\t\t\t\t\t<p>La DOQ Priorat projecta un paisatge \u00fanic a qualsevol espectador que s\u2019aturi gaudir-ne i gran part d\u2019aquest atractiu \u00e9s gr\u00e0cies als colors de la terra. La llicorella, el factor clau de la bellesa de la zona, vesteix el s\u00f2l, des de les muntanyes als costers, amb una capa fosca i brillant al sol que unifica tot el territori.<\/p>\n<p>Per\u00f2 no nom\u00e9s l\u2019unifica a nivell visual, sin\u00f3 que tamb\u00e9 \u00e9s un tret \u00fanic i diferenciador dels seus vins, ja que fa que siguin exclusius arreu del m\u00f3n pels seus tocs minerals inigualables, que s\u00f3n la m\u00e0xima expressi\u00f3 del terrer.<\/p>\n<p>La llicorella no ret\u00e9 l\u2019aigua i aix\u00f2 provoca que la producci\u00f3 de ra\u00efm sigui molt limitada per\u00f2 a la vegada li aporta una mineralitat que fa que els vins emparats sota la DOQ Priorat sguin \u00fanics al m\u00f3n.<\/p>\n\t\t\t\t\t\t\t\t<\/div>\n\t\t\t\t<\/div>\n\t\t\t\t\t<\/div>\n\t\t\t\t<\/div>\n\t\t\t\t\t<\/div>\n\t\t\t\t<\/div>\n\t\t\t\t\t<\/div>\n\t\t\t\t<\/div>\n\t\t<div class=\"elementor-element elementor-element-e6a88bc e-con-full e-flex e-con e-parent\" data-id=\"e6a88bc\" data-element_type=\"container\" data-e-type=\"container\">\n\t\t<div class=\"elementor-element elementor-element-304e772 e-con-full e-flex e-con e-child\" data-id=\"304e772\" data-element_type=\"container\" data-e-type=\"container\" data-settings=\"{&quot;background_background&quot;:&quot;classic&quot;}\">\n\t\t\t\t<div class=\"elementor-element elementor-element-4f507d5 elementor-widget elementor-widget-spacer\" data-id=\"4f507d5\" data-element_type=\"widget\" data-e-type=\"widget\" data-widget_type=\"spacer.default\">\n\t\t\t\t<div class=\"elementor-widget-container\">\n\t\t\t\t\t\t\t<div class=\"elementor-spacer\">\n\t\t\t<div class=\"elementor-spacer-inner\"><\/div>\n\t\t<\/div>\n\t\t\t\t\t\t<\/div>\n\t\t\t\t<\/div>\n\t\t\t\t<\/div>\n\t\t<div class=\"elementor-element elementor-element-b676e0c e-con-full animated-slow e-flex elementor-invisible e-con e-child\" data-id=\"b676e0c\" data-element_type=\"container\" data-e-type=\"container\" data-settings=\"{&quot;animation&quot;:&quot;fadeInUp&quot;}\">\n\t\t\t\t<div class=\"elementor-element elementor-element-faab540 elementor-widget elementor-widget-heading\" data-id=\"faab540\" data-element_type=\"widget\" data-e-type=\"widget\" data-widget_type=\"heading.default\">\n\t\t\t\t<div class=\"elementor-widget-container\">\n\t\t\t\t\t<h2 class=\"elementor-heading-title elementor-size-default\">Els Espills Vineyard<\/h2>\t\t\t\t<\/div>\n\t\t\t\t<\/div>\n\t\t\t\t<div class=\"elementor-element elementor-element-828b53f elementor-widget elementor-widget-text-editor\" data-id=\"828b53f\" data-element_type=\"widget\" data-e-type=\"widget\" data-widget_type=\"text-editor.default\">\n\t\t\t\t<div class=\"elementor-widget-container\">\n\t\t\t\t\t\t\t\t\t<p>The modern translation of this vineyard\u2019s name would be \u201cthe mirrors\u201d and the meaning is related to the visual effect which happens when the sun\u2019s rays are reflected against the stony slate soil, known as \u201cLlicorella\u201d.<\/p>\n<p>The age of these vines and the characteristics of the soil mean the production is very limited yet the quality is exceptional given that the majority of the roots of these vines go down more than 9 metres. <\/p>\n<p>This vineyard was replanted after the phylloxera epidemic and has been worked continuously ever since. It is the only one of our vineyards where the vines are pruned in bush vines, each over 65 years old. Over 3 hectares of three steep slopes are planted with 80-year-old Carinyena (Carignan) in bush vine style directly on the slope and more recently added on terraces.<\/p>\n\t\t\t\t\t\t\t\t<\/div>\n\t\t\t\t<\/div>\n\t\t\t\t<\/div>\n\t\t\t\t<\/div>\n\t\t<div class=\"elementor-element elementor-element-4eb014a e-con-full e-flex e-con e-parent\" data-id=\"4eb014a\" data-element_type=\"container\" data-e-type=\"container\">\n\t\t<div class=\"elementor-element elementor-element-ddc9db1 e-con-full animated-slow e-flex elementor-invisible e-con e-child\" data-id=\"ddc9db1\" data-element_type=\"container\" data-e-type=\"container\" data-settings=\"{&quot;animation&quot;:&quot;fadeInUp&quot;}\">\n\t\t\t\t<div class=\"elementor-element elementor-element-14b4f90 elementor-widget elementor-widget-heading\" data-id=\"14b4f90\" data-element_type=\"widget\" data-e-type=\"widget\" data-widget_type=\"heading.default\">\n\t\t\t\t<div class=\"elementor-widget-container\">\n\t\t\t\t\t<h2 class=\"elementor-heading-title elementor-size-default\">La Plana Vineyard<\/h2>\t\t\t\t<\/div>\n\t\t\t\t<\/div>\n\t\t\t\t<div class=\"elementor-element elementor-element-8706b73 elementor-widget elementor-widget-text-editor\" data-id=\"8706b73\" data-element_type=\"widget\" data-e-type=\"widget\" data-widget_type=\"text-editor.default\">\n\t\t\t\t<div class=\"elementor-widget-container\">\n\t\t\t\t\t\t\t\t\t<p>These seven terraces were restructured and replanted during the Eighties and they take up just under one hectare. Originally planted with Cabernet Sauvignon and Garnatxa (Grenache) now they only consist of red and white Garnatxa (Grenache).<\/p>\n\t\t\t\t\t\t\t\t<\/div>\n\t\t\t\t<\/div>\n\t\t\t\t<\/div>\n\t\t<div class=\"elementor-element elementor-element-ec0578d e-con-full e-flex e-con e-child\" data-id=\"ec0578d\" data-element_type=\"container\" data-e-type=\"container\" data-settings=\"{&quot;background_background&quot;:&quot;classic&quot;}\">\n\t\t\t\t<div class=\"elementor-element elementor-element-1d797ce elementor-widget elementor-widget-spacer\" data-id=\"1d797ce\" data-element_type=\"widget\" data-e-type=\"widget\" data-widget_type=\"spacer.default\">\n\t\t\t\t<div class=\"elementor-widget-container\">\n\t\t\t\t\t\t\t<div class=\"elementor-spacer\">\n\t\t\t<div class=\"elementor-spacer-inner\"><\/div>\n\t\t<\/div>\n\t\t\t\t\t\t<\/div>\n\t\t\t\t<\/div>\n\t\t\t\t<\/div>\n\t\t\t\t<\/div>\n\t\t<div class=\"elementor-element elementor-element-b2a9b4c e-con-full e-flex e-con e-parent\" data-id=\"b2a9b4c\" data-element_type=\"container\" data-e-type=\"container\">\n\t\t<div class=\"elementor-element elementor-element-39068d9 e-con-full e-flex e-con e-child\" data-id=\"39068d9\" data-element_type=\"container\" data-e-type=\"container\" data-settings=\"{&quot;background_background&quot;:&quot;classic&quot;}\">\n\t\t\t\t<div class=\"elementor-element elementor-element-1d9a672 elementor-widget elementor-widget-spacer\" data-id=\"1d9a672\" data-element_type=\"widget\" data-e-type=\"widget\" data-widget_type=\"spacer.default\">\n\t\t\t\t<div class=\"elementor-widget-container\">\n\t\t\t\t\t\t\t<div class=\"elementor-spacer\">\n\t\t\t<div class=\"elementor-spacer-inner\"><\/div>\n\t\t<\/div>\n\t\t\t\t\t\t<\/div>\n\t\t\t\t<\/div>\n\t\t\t\t<\/div>\n\t\t<div class=\"elementor-element elementor-element-4d33d4d e-con-full animated-slow e-flex elementor-invisible e-con e-child\" data-id=\"4d33d4d\" data-element_type=\"container\" data-e-type=\"container\" data-settings=\"{&quot;animation&quot;:&quot;fadeInUp&quot;}\">\n\t\t\t\t<div class=\"elementor-element elementor-element-15cff88 elementor-widget elementor-widget-heading\" data-id=\"15cff88\" data-element_type=\"widget\" data-e-type=\"widget\" data-widget_type=\"heading.default\">\n\t\t\t\t<div class=\"elementor-widget-container\">\n\t\t\t\t\t<h2 class=\"elementor-heading-title elementor-size-default\">Mas d\u2019en Corral Vineyard<\/h2>\t\t\t\t<\/div>\n\t\t\t\t<\/div>\n\t\t\t\t<div class=\"elementor-element elementor-element-1022b89 elementor-widget elementor-widget-text-editor\" data-id=\"1022b89\" data-element_type=\"widget\" data-e-type=\"widget\" data-widget_type=\"text-editor.default\">\n\t\t\t\t<div class=\"elementor-widget-container\">\n\t\t\t\t\t\t\t\t\t<p>It is the only one of our vineyards which is not in Gratallops but in the neighbouring village of El Lloar. It is our largest vineyard covering a total of almost four hectares where we have planted Garnatxa Blanca (White Grenache), Garnatxa Negra (Red Grenache) and Carinyena (Carignan) vines. The majority of the vines were planted here before the Nineties however, in the last 10 years we have slowly increased the areas under vine.<\/p>\n\t\t\t\t\t\t\t\t<\/div>\n\t\t\t\t<\/div>\n\t\t\t\t<\/div>\n\t\t\t\t<\/div>\n\t\t<div class=\"elementor-element elementor-element-3223d06 e-con-full e-flex e-con e-parent\" data-id=\"3223d06\" data-element_type=\"container\" data-e-type=\"container\">\n\t\t<div class=\"elementor-element elementor-element-7cffa4d e-con-full animated-slow e-flex elementor-invisible e-con e-child\" data-id=\"7cffa4d\" data-element_type=\"container\" data-e-type=\"container\" data-settings=\"{&quot;animation&quot;:&quot;fadeInUp&quot;}\">\n\t\t\t\t<div class=\"elementor-element elementor-element-abfc3ee elementor-widget elementor-widget-heading\" data-id=\"abfc3ee\" data-element_type=\"widget\" data-e-type=\"widget\" data-widget_type=\"heading.default\">\n\t\t\t\t<div class=\"elementor-widget-container\">\n\t\t\t\t\t<h2 class=\"elementor-heading-title elementor-size-default\">La Sort Vineyard<\/h2>\t\t\t\t<\/div>\n\t\t\t\t<\/div>\n\t\t\t\t<div class=\"elementor-element elementor-element-3425b7c elementor-widget elementor-widget-text-editor\" data-id=\"3425b7c\" data-element_type=\"widget\" data-e-type=\"widget\" data-widget_type=\"text-editor.default\">\n\t\t\t\t<div class=\"elementor-widget-container\">\n\t\t\t\t\t\t\t\t\t<p>This vineyard is the closest one to the village of Gratallops. It consists of two quite distinct areas: one is a single large terrace which covers 0.5 hectare where we planted Garnatxa Negra (Red Grenache) in the year 2000 and some newer terraces which we included over the last 10 years as we recovered the rest of the land.<\/p>\n\t\t\t\t\t\t\t\t<\/div>\n\t\t\t\t<\/div>\n\t\t\t\t<\/div>\n\t\t<div class=\"elementor-element elementor-element-b2d63e1 e-con-full e-flex e-con e-child\" data-id=\"b2d63e1\" data-element_type=\"container\" data-e-type=\"container\" data-settings=\"{&quot;background_background&quot;:&quot;classic&quot;}\">\n\t\t\t\t<div class=\"elementor-element elementor-element-a633844 elementor-widget elementor-widget-spacer\" data-id=\"a633844\" data-element_type=\"widget\" data-e-type=\"widget\" data-widget_type=\"spacer.default\">\n\t\t\t\t<div class=\"elementor-widget-container\">\n\t\t\t\t\t\t\t<div class=\"elementor-spacer\">\n\t\t\t<div class=\"elementor-spacer-inner\"><\/div>\n\t\t<\/div>\n\t\t\t\t\t\t<\/div>\n\t\t\t\t<\/div>\n\t\t\t\t<\/div>\n\t\t\t\t<\/div>\n\t\t<div class=\"elementor-element elementor-element-4bda12b e-con-full e-flex e-con e-parent\" data-id=\"4bda12b\" data-element_type=\"container\" data-e-type=\"container\">\n\t\t<div class=\"elementor-element elementor-element-09fb23d e-con-full e-flex e-con e-child\" data-id=\"09fb23d\" data-element_type=\"container\" data-e-type=\"container\" data-settings=\"{&quot;background_background&quot;:&quot;classic&quot;}\">\n\t\t\t\t<div class=\"elementor-element elementor-element-acaab7d elementor-widget elementor-widget-spacer\" data-id=\"acaab7d\" data-element_type=\"widget\" data-e-type=\"widget\" data-widget_type=\"spacer.default\">\n\t\t\t\t<div class=\"elementor-widget-container\">\n\t\t\t\t\t\t\t<div class=\"elementor-spacer\">\n\t\t\t<div class=\"elementor-spacer-inner\"><\/div>\n\t\t<\/div>\n\t\t\t\t\t\t<\/div>\n\t\t\t\t<\/div>\n\t\t\t\t<\/div>\n\t\t<div class=\"elementor-element elementor-element-2f22dd1 e-con-full animated-slow e-flex elementor-invisible e-con e-child\" data-id=\"2f22dd1\" data-element_type=\"container\" data-e-type=\"container\" data-settings=\"{&quot;animation&quot;:&quot;fadeInUp&quot;}\">\n\t\t\t\t<div class=\"elementor-element elementor-element-0b0c4d1 elementor-widget elementor-widget-heading\" data-id=\"0b0c4d1\" data-element_type=\"widget\" data-e-type=\"widget\" data-widget_type=\"heading.default\">\n\t\t\t\t<div class=\"elementor-widget-container\">\n\t\t\t\t\t<h2 class=\"elementor-heading-title elementor-size-default\">L\u2019Aubada Vineyard<\/h2>\t\t\t\t<\/div>\n\t\t\t\t<\/div>\n\t\t\t\t<div class=\"elementor-element elementor-element-32a7b22 elementor-widget elementor-widget-text-editor\" data-id=\"32a7b22\" data-element_type=\"widget\" data-e-type=\"widget\" data-widget_type=\"text-editor.default\">\n\t\t\t\t<div class=\"elementor-widget-container\">\n\t\t\t\t\t\t\t\t\t<p>This is the only vineyard, which was not inherited but was purchased. Up until recently it was planted with old olive trees but in 2004, once it had been cleared and terraced, we planted 3,000 vines of Garnatxa Negra (Red Grenache) and the rest of Syrah.<\/p>\n\t\t\t\t\t\t\t\t<\/div>\n\t\t\t\t<\/div>\n\t\t\t\t<\/div>\n\t\t\t\t<\/div>\n\t\t\t\t<\/div>\n\t\t","protected":false},"excerpt":{"rendered":"<p>\u201cLlicorella\u201d Slate, the essence of the wines from DOQ Priorat La DOQ Priorat projecta un paisatge \u00fanic a qualsevol espectador que s\u2019aturi gaudir-ne i gran part d\u2019aquest atractiu \u00e9s gr\u00e0cies als colors de la terra. La llicorella, el factor clau de la bellesa de la zona, vesteix el s\u00f2l, des de les muntanyes als costers, [&hellip;]<\/p>\n","protected":false},"author":1,"featured_media":0,"parent":0,"menu_order":0,"comment_status":"closed","ping_status":"closed","template":"","meta":{"footnotes":""},"class_list":["post-1380","page","type-page","status-publish","hentry"],"_links":{"self":[{"href":"https:\/\/cellercecilio.com\/en\/wp-json\/wp\/v2\/pages\/1380","targetHints":{"allow":["GET"]}}],"collection":[{"href":"https:\/\/cellercecilio.com\/en\/wp-json\/wp\/v2\/pages"}],"about":[{"href":"https:\/\/cellercecilio.com\/en\/wp-json\/wp\/v2\/types\/page"}],"author":[{"embeddable":true,"href":"https:\/\/cellercecilio.com\/en\/wp-json\/wp\/v2\/users\/1"}],"replies":[{"embeddable":true,"href":"https:\/\/cellercecilio.com\/en\/wp-json\/wp\/v2\/comments?post=1380"}],"version-history":[{"count":4,"href":"https:\/\/cellercecilio.com\/en\/wp-json\/wp\/v2\/pages\/1380\/revisions"}],"predecessor-version":[{"id":2340,"href":"https:\/\/cellercecilio.com\/en\/wp-json\/wp\/v2\/pages\/1380\/revisions\/2340"}],"wp:attachment":[{"href":"https:\/\/cellercecilio.com\/en\/wp-json\/wp\/v2\/media?parent=1380"}],"curies":[{"name":"wp","href":"https:\/\/api.w.org\/{rel}","templated":true}]}}