{"id":1353,"date":"2023-11-06T15:52:25","date_gmt":"2023-11-06T15:52:25","guid":{"rendered":"https:\/\/cellercecilio.com\/contacto\/"},"modified":"2024-05-23T09:46:14","modified_gmt":"2024-05-23T09:46:14","slug":"contacto","status":"publish","type":"page","link":"https:\/\/cellercecilio.com\/es\/contacto\/","title":{"rendered":"Contacto"},"content":{"rendered":"\t\t<div data-elementor-type=\"wp-page\" data-elementor-id=\"1353\" class=\"elementor elementor-1353 elementor-872\" data-elementor-post-type=\"page\">\n\t\t\t\t<div class=\"elementor-element elementor-element-0c06686 e-con-full e-flex e-con e-parent\" data-id=\"0c06686\" data-element_type=\"container\" data-e-type=\"container\" data-settings=\"{&quot;background_background&quot;:&quot;classic&quot;}\">\n\t\t\t\t<div class=\"elementor-element elementor-element-878cb9e animated-slow elementor-invisible elementor-widget elementor-widget-heading\" data-id=\"878cb9e\" data-element_type=\"widget\" data-e-type=\"widget\" data-settings=\"{&quot;_animation&quot;:&quot;fadeInUp&quot;}\" data-widget_type=\"heading.default\">\n\t\t\t\t<div class=\"elementor-widget-container\">\n\t\t\t\t\t<h1 class=\"elementor-heading-title elementor-size-default\">Contacto<\/h1>\t\t\t\t<\/div>\n\t\t\t\t<\/div>\n\t\t<div class=\"elementor-element elementor-element-0e675d1 e-flex e-con-boxed e-con e-child\" data-id=\"0e675d1\" data-element_type=\"container\" data-e-type=\"container\" id=\"contacto\">\n\t\t\t\t\t<div class=\"e-con-inner\">\n\t\t\t\t<div class=\"elementor-element elementor-element-6524c1f animated-slow elementor-invisible elementor-widget elementor-widget-text-editor\" data-id=\"6524c1f\" data-element_type=\"widget\" data-e-type=\"widget\" data-settings=\"{&quot;_animation&quot;:&quot;fadeInUp&quot;}\" data-widget_type=\"text-editor.default\">\n\t\t\t\t<div class=\"elementor-widget-container\">\n\t\t\t\t\t\t\t\t\t<p><img decoding=\"async\" class=\"alignnone\" src=\"https:\/\/cellercecilio.com\/wp-content\/uploads\/2024\/01\/Copia-de-icones_contacte_Mesa-de-trabajo-1-copia-2.svg\" alt=\"\" width=\"150\" height=\"150\" title=\"\"><strong>Direcci\u00f3n<\/strong><br>Carrer del Pir\u00f3, 28 <br>43737 Gratallops<br><span style=\"text-decoration: underline;\"><a href=\"https:\/\/maps.app.goo.gl\/je4J1NVVJarrHYiKA\" target=\"_blank\" rel=\"noopener\"><strong>Como llegar<\/strong><\/a><\/span><\/p>\n<p><img decoding=\"async\" src=\"https:\/\/cellercecilio.com\/wp-content\/uploads\/2024\/01\/Copia-de-icones_contacte_Mesa-de-trabajo-1-copia-3.svg\" alt=\"\" title=\"\"><strong>Horario<\/strong><br>de lunes a s\u00e1bado de 10.30 a 14.30h y de 16.00 a 19.00h<br>domingos y festivos de 10.30h a 14.30h<\/p>\n<p><img decoding=\"async\" src=\"https:\/\/cellercecilio.com\/wp-content\/uploads\/2024\/01\/Copia-de-icones_contacte_Mesa-de-trabajo-1-copia.svg\" alt=\"\" title=\"\"><strong>Tel\u00e9fonos<\/strong><br><a href=\"tel:+34977839507\"><span style=\"text-decoration: underline;\"><span aria-label=\"Llamar al n\u00famero de tel\u00e9fono 977 83 95 07\">977 83 95 07<\/span><\/span> \/<\/a><span style=\"text-decoration: underline;\"><a href=\"tel:+34977839181\">977 839 181<\/a><\/span><\/p>\n<p><img decoding=\"async\" src=\"https:\/\/cellercecilio.com\/wp-content\/uploads\/2024\/01\/Copia-de-icones_contacte_Mesa-de-trabajo-1.svg\" alt=\"\" title=\"\"><strong>Correo electr\u00f3nico<br><\/strong><span style=\"text-decoration: underline;\"><a href=\"mailto:celler@cellercecilio.com\">celler@cellercecilio.com<\/a><\/span><\/p>\t\t\t\t\t\t\t\t<\/div>\n\t\t\t\t<\/div>\n\t\t\t\t\t<\/div>\n\t\t\t\t<\/div>\n\t\t\t\t<\/div>\n\t\t\t\t<\/div>\n\t\t","protected":false},"excerpt":{"rendered":"<p>Contacto Direcci\u00f3nCarrer del Pir\u00f3, 28 43737 GratallopsComo llegar Horariode lunes a s\u00e1bado de 10.30 a 14.30h y de 16.00 a 19.00hdomingos y festivos de 10.30h a 14.30h Tel\u00e9fonos977 83 95 07 \/977 839 181 Correo electr\u00f3nicoceller@cellercecilio.com<\/p>\n","protected":false},"author":1,"featured_media":0,"parent":0,"menu_order":0,"comment_status":"closed","ping_status":"closed","template":"","meta":{"footnotes":""},"class_list":["post-1353","page","type-page","status-publish","hentry"],"_links":{"self":[{"href":"https:\/\/cellercecilio.com\/es\/wp-json\/wp\/v2\/pages\/1353","targetHints":{"allow":["GET"]}}],"collection":[{"href":"https:\/\/cellercecilio.com\/es\/wp-json\/wp\/v2\/pages"}],"about":[{"href":"https:\/\/cellercecilio.com\/es\/wp-json\/wp\/v2\/types\/page"}],"author":[{"embeddable":true,"href":"https:\/\/cellercecilio.com\/es\/wp-json\/wp\/v2\/users\/1"}],"replies":[{"embeddable":true,"href":"https:\/\/cellercecilio.com\/es\/wp-json\/wp\/v2\/comments?post=1353"}],"version-history":[{"count":4,"href":"https:\/\/cellercecilio.com\/es\/wp-json\/wp\/v2\/pages\/1353\/revisions"}],"predecessor-version":[{"id":2316,"href":"https:\/\/cellercecilio.com\/es\/wp-json\/wp\/v2\/pages\/1353\/revisions\/2316"}],"wp:attachment":[{"href":"https:\/\/cellercecilio.com\/es\/wp-json\/wp\/v2\/media?parent=1353"}],"curies":[{"name":"wp","href":"https:\/\/api.w.org\/{rel}","templated":true}]}}