{"id":1357,"date":"2023-11-06T15:52:43","date_gmt":"2023-11-06T15:52:43","guid":{"rendered":"https:\/\/cellercecilio.com\/la-tierra\/"},"modified":"2024-03-22T09:04:20","modified_gmt":"2024-03-22T09:04:20","slug":"la-tierra","status":"publish","type":"page","link":"https:\/\/cellercecilio.com\/es\/la-tierra\/","title":{"rendered":"Los vi\u00f1edos"},"content":{"rendered":"\t\t<div data-elementor-type=\"wp-page\" data-elementor-id=\"1357\" class=\"elementor elementor-1357 elementor-874\" data-elementor-post-type=\"page\">\n\t\t\t\t<div class=\"elementor-element elementor-element-ff6b201 e-flex e-con-boxed e-con e-parent\" data-id=\"ff6b201\" data-element_type=\"container\" data-e-type=\"container\" data-settings=\"{&quot;background_background&quot;:&quot;classic&quot;}\">\n\t\t\t\t\t<div class=\"e-con-inner\">\n\t\t\t\t<div class=\"elementor-element elementor-element-0fb6c82 animated-slow elementor-invisible elementor-widget elementor-widget-heading\" data-id=\"0fb6c82\" data-element_type=\"widget\" data-e-type=\"widget\" data-settings=\"{&quot;_animation&quot;:&quot;fadeInUp&quot;}\" data-widget_type=\"heading.default\">\n\t\t\t\t<div class=\"elementor-widget-container\">\n\t\t\t\t\t<h2 class=\"elementor-heading-title elementor-size-default\">La llicorella, la esencia de la tierra en los vinos de la D.O.Ca. Priorat<\/h2>\t\t\t\t<\/div>\n\t\t\t\t<\/div>\n\t\t\t\t\t<\/div>\n\t\t\t\t<\/div>\n\t\t<div class=\"elementor-element elementor-element-a89f17b e-flex e-con-boxed e-con e-parent\" data-id=\"a89f17b\" data-element_type=\"container\" data-e-type=\"container\" data-settings=\"{&quot;background_background&quot;:&quot;classic&quot;}\">\n\t\t\t\t\t<div class=\"e-con-inner\">\n\t\t<div class=\"elementor-element elementor-element-bedb9ad elementor-hidden-tablet elementor-hidden-mobile e-flex e-con-boxed e-con e-child\" data-id=\"bedb9ad\" data-element_type=\"container\" data-e-type=\"container\">\n\t\t\t\t\t<div class=\"e-con-inner\">\n\t\t<div class=\"elementor-element elementor-element-b8774ce e-flex e-con-boxed elementor-invisible e-con e-child\" data-id=\"b8774ce\" data-element_type=\"container\" data-e-type=\"container\" data-settings=\"{&quot;animation&quot;:&quot;fadeInUp&quot;}\">\n\t\t\t\t\t<div class=\"e-con-inner\">\n\t\t\t\t<div class=\"elementor-element elementor-element-410157d elementor-widget elementor-widget-text-editor\" data-id=\"410157d\" data-element_type=\"widget\" data-e-type=\"widget\" data-widget_type=\"text-editor.default\">\n\t\t\t\t<div class=\"elementor-widget-container\">\n\t\t\t\t\t\t\t\t\t<p>La DOQ Priorat proyecta un paisaje \u00fanico a cualquier espectador que se pare a gozar de \u00e9l y gran parte de este atractivo es gracias a los colores de la tierra. La llicorella, el factor clave de la belleza de la zona, viste el suelo, desde las monta\u00f1as a los costeros, con un manto oscuro y brillante al sol que unifica todo el territorio.<\/p>\n\t\t\t\t\t\t\t\t<\/div>\n\t\t\t\t<\/div>\n\t\t\t\t\t<\/div>\n\t\t\t\t<\/div>\n\t\t<div class=\"elementor-element elementor-element-0fc6d7e animated-slow e-flex e-con-boxed elementor-invisible e-con e-child\" data-id=\"0fc6d7e\" data-element_type=\"container\" data-e-type=\"container\" data-settings=\"{&quot;animation&quot;:&quot;fadeInUp&quot;}\">\n\t\t\t\t\t<div class=\"e-con-inner\">\n\t\t\t\t<div class=\"elementor-element elementor-element-40826c1 elementor-widget elementor-widget-text-editor\" data-id=\"40826c1\" data-element_type=\"widget\" data-e-type=\"widget\" data-widget_type=\"text-editor.default\">\n\t\t\t\t<div class=\"elementor-widget-container\">\n\t\t\t\t\t\t\t\t\t<p>Pero no solamente lo unifica a nivel visual, sino que tamb\u00e9 es una caracter\u00edstica \u00fanica y diferenciadora de sus vinos y que consigue que sean exclusivos en el mundo por sus toques minerales inigualables, que son la m\u00e1xima expresi\u00f3n del terreno.<\/p>\n<p>La llicorella no retiene el agua y esto provoca que la producci\u00f3n de uva sea muy limitada pero a la vez le aporta una mineralidad que hace que los vinos amparados bajo la D.O.ca. Priorat sean \u00fanicos.<\/p>\t\t\t\t\t\t\t\t<\/div>\n\t\t\t\t<\/div>\n\t\t\t\t\t<\/div>\n\t\t\t\t<\/div>\n\t\t\t\t\t<\/div>\n\t\t\t\t<\/div>\n\t\t<div class=\"elementor-element elementor-element-3b7654f elementor-hidden-desktop elementor-hidden-laptop e-flex e-con-boxed e-con e-child\" data-id=\"3b7654f\" data-element_type=\"container\" data-e-type=\"container\">\n\t\t\t\t\t<div class=\"e-con-inner\">\n\t\t<div class=\"elementor-element elementor-element-04f6b33 e-flex e-con-boxed elementor-invisible e-con e-child\" data-id=\"04f6b33\" data-element_type=\"container\" data-e-type=\"container\" data-settings=\"{&quot;animation&quot;:&quot;fadeInUp&quot;}\">\n\t\t\t\t\t<div class=\"e-con-inner\">\n\t\t\t\t<div class=\"elementor-element elementor-element-0620ce7 elementor-widget elementor-widget-text-editor\" data-id=\"0620ce7\" data-element_type=\"widget\" data-e-type=\"widget\" data-widget_type=\"text-editor.default\">\n\t\t\t\t<div class=\"elementor-widget-container\">\n\t\t\t\t\t\t\t\t\t<p>La DOQ Priorat proyecta un paisaje \u00fanico a cualquier espectador que se pare a gozar de \u00e9l y gran parte de este atractivo es gracias a los colores de la tierra. La llicorella, el factor clave de la belleza de la zona, viste el suelo, desde las monta\u00f1as a los costeros, con un manto oscuro y brillante al sol que unifica todo el territorio.<\/p>\n<p>Pero no solamente lo unifica a nivel visual, sino que tamb\u00e9 es una caracter\u00edstica \u00fanica y diferenciadora de sus vinos y que consigue que sean exclusivos en el mundo por sus toques minerales inigualables, que son la m\u00e1xima expresi\u00f3n del terreno.<\/p>\n<p>La llicorella no retiene el agua y esto provoca que la producci\u00f3n de uva sea muy limitada pero a la vez le aporta una mineralidad que hace que los vinos amparados bajo la D.O.ca. Priorat sean \u00fanicos.<\/p>\n\t\t\t\t\t\t\t\t<\/div>\n\t\t\t\t<\/div>\n\t\t\t\t\t<\/div>\n\t\t\t\t<\/div>\n\t\t\t\t\t<\/div>\n\t\t\t\t<\/div>\n\t\t\t\t\t<\/div>\n\t\t\t\t<\/div>\n\t\t<div class=\"elementor-element elementor-element-e6a88bc e-con-full e-flex e-con e-parent\" data-id=\"e6a88bc\" data-element_type=\"container\" data-e-type=\"container\">\n\t\t<div class=\"elementor-element elementor-element-304e772 e-con-full e-flex e-con e-child\" data-id=\"304e772\" data-element_type=\"container\" data-e-type=\"container\" data-settings=\"{&quot;background_background&quot;:&quot;classic&quot;}\">\n\t\t\t\t<div class=\"elementor-element elementor-element-4f507d5 elementor-widget elementor-widget-spacer\" data-id=\"4f507d5\" data-element_type=\"widget\" data-e-type=\"widget\" data-widget_type=\"spacer.default\">\n\t\t\t\t<div class=\"elementor-widget-container\">\n\t\t\t\t\t\t\t<div class=\"elementor-spacer\">\n\t\t\t<div class=\"elementor-spacer-inner\"><\/div>\n\t\t<\/div>\n\t\t\t\t\t\t<\/div>\n\t\t\t\t<\/div>\n\t\t\t\t<\/div>\n\t\t<div class=\"elementor-element elementor-element-b676e0c e-con-full animated-slow e-flex elementor-invisible e-con e-child\" data-id=\"b676e0c\" data-element_type=\"container\" data-e-type=\"container\" data-settings=\"{&quot;animation&quot;:&quot;fadeInUp&quot;}\">\n\t\t\t\t<div class=\"elementor-element elementor-element-faab540 elementor-widget elementor-widget-heading\" data-id=\"faab540\" data-element_type=\"widget\" data-e-type=\"widget\" data-widget_type=\"heading.default\">\n\t\t\t\t<div class=\"elementor-widget-container\">\n\t\t\t\t\t<h2 class=\"elementor-heading-title elementor-size-default\">Els Espills<\/h2>\t\t\t\t<\/div>\n\t\t\t\t<\/div>\n\t\t\t\t<div class=\"elementor-element elementor-element-828b53f elementor-widget elementor-widget-text-editor\" data-id=\"828b53f\" data-element_type=\"widget\" data-e-type=\"widget\" data-widget_type=\"text-editor.default\">\n\t\t\t\t<div class=\"elementor-widget-container\">\n\t\t\t\t\t\t\t\t\t<p>El nombre de esta finca significa \u201clos espejos\u201d y su significado est\u00e1 relacionado con el efecto visual que se contempla cuando los rayos del sol se reflejan en el terreno de pizarra, la conocida llicorella.<\/p>\n<p>La antig\u00fcedad de las cepas de este vi\u00f1edo y las caracter\u00edsticas del terreno son la causa que la producci\u00f3n sea muy reducida, pero a la vez que la calidad sea excepcional, ya que la gran mayor\u00eda de las ra\u00edces de estas cepas superan los 9 metros de profundidad. <\/p>\n<p>Ocupando las m\u00e1s de tres hect\u00e1reas que suman las tres laderas, encontramos cepas de cari\u00f1ena de poda en vaso de m\u00e1s de 80 a\u00f1os plantadas en costero y otras en una ampliaci\u00f3n m\u00e1s reciente plantadas en terrazas.<\/p>\n\t\t\t\t\t\t\t\t<\/div>\n\t\t\t\t<\/div>\n\t\t\t\t<\/div>\n\t\t\t\t<\/div>\n\t\t<div class=\"elementor-element elementor-element-4eb014a e-con-full e-flex e-con e-parent\" data-id=\"4eb014a\" data-element_type=\"container\" data-e-type=\"container\">\n\t\t<div class=\"elementor-element elementor-element-ddc9db1 e-con-full animated-slow e-flex elementor-invisible e-con e-child\" data-id=\"ddc9db1\" data-element_type=\"container\" data-e-type=\"container\" data-settings=\"{&quot;animation&quot;:&quot;fadeInUp&quot;}\">\n\t\t\t\t<div class=\"elementor-element elementor-element-14b4f90 elementor-widget elementor-widget-heading\" data-id=\"14b4f90\" data-element_type=\"widget\" data-e-type=\"widget\" data-widget_type=\"heading.default\">\n\t\t\t\t<div class=\"elementor-widget-container\">\n\t\t\t\t\t<h2 class=\"elementor-heading-title elementor-size-default\">La Plana<\/h2>\t\t\t\t<\/div>\n\t\t\t\t<\/div>\n\t\t\t\t<div class=\"elementor-element elementor-element-8706b73 elementor-widget elementor-widget-text-editor\" data-id=\"8706b73\" data-element_type=\"widget\" data-e-type=\"widget\" data-widget_type=\"text-editor.default\">\n\t\t\t\t<div class=\"elementor-widget-container\">\n\t\t\t\t\t\t\t\t\t<p>Estas siete terrazas, que tienen una extensi\u00f3n de poco m\u00e1s de una hect\u00e1rea, fueron reestructuradas y plantadas de nuevo durante la d\u00e9cada de los 80. En ellas hab\u00edan habido cepas de cabernet sauvignon y garnacha, pero actualmente la garnacha negra y la garnacha blanca ocupan toda su superficie.<\/p>\n\t\t\t\t\t\t\t\t<\/div>\n\t\t\t\t<\/div>\n\t\t\t\t<\/div>\n\t\t<div class=\"elementor-element elementor-element-ec0578d e-con-full e-flex e-con e-child\" data-id=\"ec0578d\" data-element_type=\"container\" data-e-type=\"container\" data-settings=\"{&quot;background_background&quot;:&quot;classic&quot;}\">\n\t\t\t\t<div class=\"elementor-element elementor-element-1d797ce elementor-widget elementor-widget-spacer\" data-id=\"1d797ce\" data-element_type=\"widget\" data-e-type=\"widget\" data-widget_type=\"spacer.default\">\n\t\t\t\t<div class=\"elementor-widget-container\">\n\t\t\t\t\t\t\t<div class=\"elementor-spacer\">\n\t\t\t<div class=\"elementor-spacer-inner\"><\/div>\n\t\t<\/div>\n\t\t\t\t\t\t<\/div>\n\t\t\t\t<\/div>\n\t\t\t\t<\/div>\n\t\t\t\t<\/div>\n\t\t<div class=\"elementor-element elementor-element-b2a9b4c e-con-full e-flex e-con e-parent\" data-id=\"b2a9b4c\" data-element_type=\"container\" data-e-type=\"container\">\n\t\t<div class=\"elementor-element elementor-element-39068d9 e-con-full e-flex e-con e-child\" data-id=\"39068d9\" data-element_type=\"container\" data-e-type=\"container\" data-settings=\"{&quot;background_background&quot;:&quot;classic&quot;}\">\n\t\t\t\t<div class=\"elementor-element elementor-element-1d9a672 elementor-widget elementor-widget-spacer\" data-id=\"1d9a672\" data-element_type=\"widget\" data-e-type=\"widget\" data-widget_type=\"spacer.default\">\n\t\t\t\t<div class=\"elementor-widget-container\">\n\t\t\t\t\t\t\t<div class=\"elementor-spacer\">\n\t\t\t<div class=\"elementor-spacer-inner\"><\/div>\n\t\t<\/div>\n\t\t\t\t\t\t<\/div>\n\t\t\t\t<\/div>\n\t\t\t\t<\/div>\n\t\t<div class=\"elementor-element elementor-element-4d33d4d e-con-full animated-slow e-flex elementor-invisible e-con e-child\" data-id=\"4d33d4d\" data-element_type=\"container\" data-e-type=\"container\" data-settings=\"{&quot;animation&quot;:&quot;fadeInUp&quot;}\">\n\t\t\t\t<div class=\"elementor-element elementor-element-15cff88 elementor-widget elementor-widget-heading\" data-id=\"15cff88\" data-element_type=\"widget\" data-e-type=\"widget\" data-widget_type=\"heading.default\">\n\t\t\t\t<div class=\"elementor-widget-container\">\n\t\t\t\t\t<h2 class=\"elementor-heading-title elementor-size-default\">Mas d'en Corral<\/h2>\t\t\t\t<\/div>\n\t\t\t\t<\/div>\n\t\t\t\t<div class=\"elementor-element elementor-element-1022b89 elementor-widget elementor-widget-text-editor\" data-id=\"1022b89\" data-element_type=\"widget\" data-e-type=\"widget\" data-widget_type=\"text-editor.default\">\n\t\t\t\t<div class=\"elementor-widget-container\">\n\t\t\t\t\t\t\t\t\t<p>Es la \u00fanica de nuestras fincas que no se encuentra en el t\u00e9rmino municipal de Gratallops, sino en el pueblo vecino, El Lloar. Es la finca con mayor extensi\u00f3n, ya que se extiende a lo largo de casi cuatro hect\u00e1reas y en las que hay plantada garnacha blanca, garnacha negra y cari\u00f1ena. La mayor\u00eda de las cepas son de la d\u00e9cada de los 90, aunque en los \u00faltimos a\u00f1os hemos ido ampliando las zonas de plantaci\u00f3n.<\/p>\n\t\t\t\t\t\t\t\t<\/div>\n\t\t\t\t<\/div>\n\t\t\t\t<\/div>\n\t\t\t\t<\/div>\n\t\t<div class=\"elementor-element elementor-element-3223d06 e-con-full e-flex e-con e-parent\" data-id=\"3223d06\" data-element_type=\"container\" data-e-type=\"container\">\n\t\t<div class=\"elementor-element elementor-element-7cffa4d e-con-full animated-slow e-flex elementor-invisible e-con e-child\" data-id=\"7cffa4d\" data-element_type=\"container\" data-e-type=\"container\" data-settings=\"{&quot;animation&quot;:&quot;fadeInUp&quot;}\">\n\t\t\t\t<div class=\"elementor-element elementor-element-abfc3ee elementor-widget elementor-widget-heading\" data-id=\"abfc3ee\" data-element_type=\"widget\" data-e-type=\"widget\" data-widget_type=\"heading.default\">\n\t\t\t\t<div class=\"elementor-widget-container\">\n\t\t\t\t\t<h2 class=\"elementor-heading-title elementor-size-default\">La Sort<\/h2>\t\t\t\t<\/div>\n\t\t\t\t<\/div>\n\t\t\t\t<div class=\"elementor-element elementor-element-3425b7c elementor-widget elementor-widget-text-editor\" data-id=\"3425b7c\" data-element_type=\"widget\" data-e-type=\"widget\" data-widget_type=\"text-editor.default\">\n\t\t\t\t<div class=\"elementor-widget-container\">\n\t\t\t\t\t\t\t\t\t<p>Es la finca m\u00e1s cercana al pueblo de Gratallops. Todas sus cepas son de garnacha negra, pero hay dos zonas muy diferenciadas: una gran terraza que ocupa media hect\u00e1rea del a\u00f1o 2000 y otras terrazas anexas que se incorporaron hace uso 10 a\u00f1os cuando se reestructur\u00f3 el resto de su terreno.<\/p>\n\t\t\t\t\t\t\t\t<\/div>\n\t\t\t\t<\/div>\n\t\t\t\t<\/div>\n\t\t<div class=\"elementor-element elementor-element-b2d63e1 e-con-full e-flex e-con e-child\" data-id=\"b2d63e1\" data-element_type=\"container\" data-e-type=\"container\" data-settings=\"{&quot;background_background&quot;:&quot;classic&quot;}\">\n\t\t\t\t<div class=\"elementor-element elementor-element-a633844 elementor-widget elementor-widget-spacer\" data-id=\"a633844\" data-element_type=\"widget\" data-e-type=\"widget\" data-widget_type=\"spacer.default\">\n\t\t\t\t<div class=\"elementor-widget-container\">\n\t\t\t\t\t\t\t<div class=\"elementor-spacer\">\n\t\t\t<div class=\"elementor-spacer-inner\"><\/div>\n\t\t<\/div>\n\t\t\t\t\t\t<\/div>\n\t\t\t\t<\/div>\n\t\t\t\t<\/div>\n\t\t\t\t<\/div>\n\t\t<div class=\"elementor-element elementor-element-4bda12b e-con-full e-flex e-con e-parent\" data-id=\"4bda12b\" data-element_type=\"container\" data-e-type=\"container\">\n\t\t<div class=\"elementor-element elementor-element-09fb23d e-con-full e-flex e-con e-child\" data-id=\"09fb23d\" data-element_type=\"container\" data-e-type=\"container\" data-settings=\"{&quot;background_background&quot;:&quot;classic&quot;}\">\n\t\t\t\t<div class=\"elementor-element elementor-element-acaab7d elementor-widget elementor-widget-spacer\" data-id=\"acaab7d\" data-element_type=\"widget\" data-e-type=\"widget\" data-widget_type=\"spacer.default\">\n\t\t\t\t<div class=\"elementor-widget-container\">\n\t\t\t\t\t\t\t<div class=\"elementor-spacer\">\n\t\t\t<div class=\"elementor-spacer-inner\"><\/div>\n\t\t<\/div>\n\t\t\t\t\t\t<\/div>\n\t\t\t\t<\/div>\n\t\t\t\t<\/div>\n\t\t<div class=\"elementor-element elementor-element-2f22dd1 e-con-full animated-slow e-flex elementor-invisible e-con e-child\" data-id=\"2f22dd1\" data-element_type=\"container\" data-e-type=\"container\" data-settings=\"{&quot;animation&quot;:&quot;fadeInUp&quot;}\">\n\t\t\t\t<div class=\"elementor-element elementor-element-0b0c4d1 elementor-widget elementor-widget-heading\" data-id=\"0b0c4d1\" data-element_type=\"widget\" data-e-type=\"widget\" data-widget_type=\"heading.default\">\n\t\t\t\t<div class=\"elementor-widget-container\">\n\t\t\t\t\t<h2 class=\"elementor-heading-title elementor-size-default\">L'aubada<\/h2>\t\t\t\t<\/div>\n\t\t\t\t<\/div>\n\t\t\t\t<div class=\"elementor-element elementor-element-32a7b22 elementor-widget elementor-widget-text-editor\" data-id=\"32a7b22\" data-element_type=\"widget\" data-e-type=\"widget\" data-widget_type=\"text-editor.default\">\n\t\t\t\t<div class=\"elementor-widget-container\">\n\t\t\t\t\t\t\t\t\t<p>Es la \u00fanica de nuestras fincas que no es de herencia familiar, sino de nueva adquisici\u00f3n mediante compra. Antiguamente hab\u00eda estado ocupada por olivos centenarios, pero en 2004, una vez transformada, se plantaron m\u00e1s de 3.000 cepas de las variedades garnacha negra y syrah.<\/p>\n\t\t\t\t\t\t\t\t<\/div>\n\t\t\t\t<\/div>\n\t\t\t\t<\/div>\n\t\t\t\t<\/div>\n\t\t\t\t<\/div>\n\t\t","protected":false},"excerpt":{"rendered":"<p>La llicorella, la esencia de la tierra en los vinos de la D.O.Ca. Priorat La DOQ Priorat proyecta un paisaje \u00fanico a cualquier espectador que se pare a gozar de \u00e9l y gran parte de este atractivo es gracias a los colores de la tierra. La llicorella, el factor clave de la belleza de la [&hellip;]<\/p>\n","protected":false},"author":1,"featured_media":0,"parent":0,"menu_order":0,"comment_status":"closed","ping_status":"closed","template":"","meta":{"footnotes":""},"class_list":["post-1357","page","type-page","status-publish","hentry"],"_links":{"self":[{"href":"https:\/\/cellercecilio.com\/es\/wp-json\/wp\/v2\/pages\/1357","targetHints":{"allow":["GET"]}}],"collection":[{"href":"https:\/\/cellercecilio.com\/es\/wp-json\/wp\/v2\/pages"}],"about":[{"href":"https:\/\/cellercecilio.com\/es\/wp-json\/wp\/v2\/types\/page"}],"author":[{"embeddable":true,"href":"https:\/\/cellercecilio.com\/es\/wp-json\/wp\/v2\/users\/1"}],"replies":[{"embeddable":true,"href":"https:\/\/cellercecilio.com\/es\/wp-json\/wp\/v2\/comments?post=1357"}],"version-history":[{"count":4,"href":"https:\/\/cellercecilio.com\/es\/wp-json\/wp\/v2\/pages\/1357\/revisions"}],"predecessor-version":[{"id":2257,"href":"https:\/\/cellercecilio.com\/es\/wp-json\/wp\/v2\/pages\/1357\/revisions\/2257"}],"wp:attachment":[{"href":"https:\/\/cellercecilio.com\/es\/wp-json\/wp\/v2\/media?parent=1357"}],"curies":[{"name":"wp","href":"https:\/\/api.w.org\/{rel}","templated":true}]}}