{"id":2272,"date":"2023-11-16T15:18:19","date_gmt":"2023-11-16T15:18:19","guid":{"rendered":"https:\/\/cellercecilio.com\/producto\/lespill-2017\/"},"modified":"2024-11-12T12:21:59","modified_gmt":"2024-11-12T12:21:59","slug":"lespill-2017","status":"publish","type":"product","link":"https:\/\/cellercecilio.com\/es\/producto\/lespill-2017\/","title":{"rendered":"L&#8217;Espill"},"content":{"rendered":"","protected":false},"excerpt":{"rendered":"<p>Nuestro vino Celler Cecilio es una exquisita fusi\u00f3n de 65% garnacha y 35% cari\u00f1ena, proveniente de vi\u00f1edos de 30 a 60 a\u00f1os. Con cuidado y pasi\u00f3n, la elaboraci\u00f3n en tinas de acero inoxidable y maceraci\u00f3n de 25 d\u00edas dan lugar a un vino con una decantaci\u00f3n natural despu\u00e9s de tres meses de reposo. La crianza de 12 meses en barricas de roble franc\u00e9s confiere a este vino una elegancia inigualable.  <\/p>\n","protected":false},"featured_media":1908,"template":"","meta":[],"product_brand":[],"product_cat":[28],"product_tag":[],"class_list":{"0":"post-2272","1":"product","2":"type-product","3":"status-publish","4":"has-post-thumbnail","6":"product_cat-vins","8":"first","9":"instock","10":"taxable","11":"shipping-taxable","12":"purchasable","13":"product-type-simple"},"_links":{"self":[{"href":"https:\/\/cellercecilio.com\/es\/wp-json\/wp\/v2\/product\/2272","targetHints":{"allow":["GET"]}}],"collection":[{"href":"https:\/\/cellercecilio.com\/es\/wp-json\/wp\/v2\/product"}],"about":[{"href":"https:\/\/cellercecilio.com\/es\/wp-json\/wp\/v2\/types\/product"}],"version-history":[{"count":1,"href":"https:\/\/cellercecilio.com\/es\/wp-json\/wp\/v2\/product\/2272\/revisions"}],"predecessor-version":[{"id":2372,"href":"https:\/\/cellercecilio.com\/es\/wp-json\/wp\/v2\/product\/2272\/revisions\/2372"}],"wp:featuredmedia":[{"embeddable":true,"href":"https:\/\/cellercecilio.com\/es\/wp-json\/wp\/v2\/media\/1908"}],"wp:attachment":[{"href":"https:\/\/cellercecilio.com\/es\/wp-json\/wp\/v2\/media?parent=2272"}],"wp:term":[{"taxonomy":"product_brand","embeddable":true,"href":"https:\/\/cellercecilio.com\/es\/wp-json\/wp\/v2\/product_brand?post=2272"},{"taxonomy":"product_cat","embeddable":true,"href":"https:\/\/cellercecilio.com\/es\/wp-json\/wp\/v2\/product_cat?post=2272"},{"taxonomy":"product_tag","embeddable":true,"href":"https:\/\/cellercecilio.com\/es\/wp-json\/wp\/v2\/product_tag?post=2272"}],"curies":[{"name":"wp","href":"https:\/\/api.w.org\/{rel}","templated":true}]}}