{"id":2274,"date":"2023-11-16T15:17:01","date_gmt":"2023-11-16T15:17:01","guid":{"rendered":"https:\/\/cellercecilio.com\/producto\/cecilio-negre\/"},"modified":"2024-11-12T12:22:50","modified_gmt":"2024-11-12T12:22:50","slug":"cecilio-negre","status":"publish","type":"product","link":"https:\/\/cellercecilio.com\/es\/producto\/cecilio-negre\/","title":{"rendered":"Cecilio negre"},"content":{"rendered":"","protected":false},"excerpt":{"rendered":"<p>Nuestra obra maestra, Celler Cecilio, es una sublime combinaci\u00f3n de 60% garnacha, 20% cari\u00f1ena y 20% syrah, proveniente de vi\u00f1edos de 30 a 60 a\u00f1os. Con su elaborado proceso en tinas de acero inoxidable y maceraci\u00f3n de 20 d\u00edas, este vino madura durante seis meses, asegurando una armon\u00eda perfecta. Filtrado y clarificado con delicadeza antes de su embotellado, cada gota captura la riqueza de esta experiencia sensorial.<\/p>\n","protected":false},"featured_media":1911,"template":"","meta":[],"product_brand":[],"product_cat":[28],"product_tag":[],"class_list":{"0":"post-2274","1":"product","2":"type-product","3":"status-publish","4":"has-post-thumbnail","6":"product_cat-vins","8":"first","9":"instock","10":"taxable","11":"shipping-taxable","12":"purchasable","13":"product-type-simple"},"_links":{"self":[{"href":"https:\/\/cellercecilio.com\/es\/wp-json\/wp\/v2\/product\/2274","targetHints":{"allow":["GET"]}}],"collection":[{"href":"https:\/\/cellercecilio.com\/es\/wp-json\/wp\/v2\/product"}],"about":[{"href":"https:\/\/cellercecilio.com\/es\/wp-json\/wp\/v2\/types\/product"}],"version-history":[{"count":1,"href":"https:\/\/cellercecilio.com\/es\/wp-json\/wp\/v2\/product\/2274\/revisions"}],"predecessor-version":[{"id":2374,"href":"https:\/\/cellercecilio.com\/es\/wp-json\/wp\/v2\/product\/2274\/revisions\/2374"}],"wp:featuredmedia":[{"embeddable":true,"href":"https:\/\/cellercecilio.com\/es\/wp-json\/wp\/v2\/media\/1911"}],"wp:attachment":[{"href":"https:\/\/cellercecilio.com\/es\/wp-json\/wp\/v2\/media?parent=2274"}],"wp:term":[{"taxonomy":"product_brand","embeddable":true,"href":"https:\/\/cellercecilio.com\/es\/wp-json\/wp\/v2\/product_brand?post=2274"},{"taxonomy":"product_cat","embeddable":true,"href":"https:\/\/cellercecilio.com\/es\/wp-json\/wp\/v2\/product_cat?post=2274"},{"taxonomy":"product_tag","embeddable":true,"href":"https:\/\/cellercecilio.com\/es\/wp-json\/wp\/v2\/product_tag?post=2274"}],"curies":[{"name":"wp","href":"https:\/\/api.w.org\/{rel}","templated":true}]}}