{"id":2275,"date":"2023-11-16T15:15:47","date_gmt":"2023-11-16T15:15:47","guid":{"rendered":"https:\/\/cellercecilio.com\/producto\/ludol\/"},"modified":"2026-03-05T11:21:47","modified_gmt":"2026-03-05T11:21:47","slug":"ludol","status":"publish","type":"product","link":"https:\/\/cellercecilio.com\/es\/producto\/ludol\/","title":{"rendered":"l&#8217;Udol"},"content":{"rendered":"","protected":false},"excerpt":{"rendered":"<p>Nuestra garnacha blanca captura la esencia con el 100% de la variedad, procedente de vi\u00f1edos de 30 a 40 a\u00f1os. Con su proceso de elaboraci\u00f3n en tinas de acero inoxidable y maceraci\u00f3n de 6 a 7 horas, este vino revela su frescura y complejidad. Filtrado y embotellado cuidadosamente a los 8 meses de vinificaci\u00f3n, garantizamos una experiencia \u00fanica en cada gota.  <\/p>\n","protected":false},"featured_media":1905,"template":"","meta":[],"product_brand":[],"product_cat":[28],"product_tag":[],"class_list":{"0":"post-2275","1":"product","2":"type-product","3":"status-publish","4":"has-post-thumbnail","6":"product_cat-vins","8":"first","9":"instock","10":"taxable","11":"shipping-taxable","12":"purchasable","13":"product-type-simple"},"_links":{"self":[{"href":"https:\/\/cellercecilio.com\/es\/wp-json\/wp\/v2\/product\/2275","targetHints":{"allow":["GET"]}}],"collection":[{"href":"https:\/\/cellercecilio.com\/es\/wp-json\/wp\/v2\/product"}],"about":[{"href":"https:\/\/cellercecilio.com\/es\/wp-json\/wp\/v2\/types\/product"}],"version-history":[{"count":1,"href":"https:\/\/cellercecilio.com\/es\/wp-json\/wp\/v2\/product\/2275\/revisions"}],"predecessor-version":[{"id":2376,"href":"https:\/\/cellercecilio.com\/es\/wp-json\/wp\/v2\/product\/2275\/revisions\/2376"}],"wp:featuredmedia":[{"embeddable":true,"href":"https:\/\/cellercecilio.com\/es\/wp-json\/wp\/v2\/media\/1905"}],"wp:attachment":[{"href":"https:\/\/cellercecilio.com\/es\/wp-json\/wp\/v2\/media?parent=2275"}],"wp:term":[{"taxonomy":"product_brand","embeddable":true,"href":"https:\/\/cellercecilio.com\/es\/wp-json\/wp\/v2\/product_brand?post=2275"},{"taxonomy":"product_cat","embeddable":true,"href":"https:\/\/cellercecilio.com\/es\/wp-json\/wp\/v2\/product_cat?post=2275"},{"taxonomy":"product_tag","embeddable":true,"href":"https:\/\/cellercecilio.com\/es\/wp-json\/wp\/v2\/product_tag?post=2275"}],"curies":[{"name":"wp","href":"https:\/\/api.w.org\/{rel}","templated":true}]}}